{"id":8,"date":"2023-11-14T15:46:11","date_gmt":"2023-11-14T18:46:11","guid":{"rendered":"https:\/\/gehrke.eng.br\/?page_id=8"},"modified":"2023-11-15T10:03:16","modified_gmt":"2023-11-15T13:03:16","slug":"home","status":"publish","type":"page","link":"https:\/\/gehrke.eng.br\/","title":{"rendered":"Home"},"content":{"rendered":"\n<div class=\"wp-block-group alignwide is-layout-constrained wp-block-group-is-layout-constrained\"><\/div>\n\n\n\n<figure class=\"wp-block-image alignright size-large is-resized\"><img loading=\"lazy\" decoding=\"async\" width=\"1024\" height=\"682\" src=\"https:\/\/gehrke.eng.br\/wp-content\/uploads\/2023\/11\/trabalhador-masculino-com-escavadeira-em-pedreira-de-areia-1024x682.jpg\" alt=\"\" class=\"wp-image-76\" style=\"aspect-ratio:1.3333333333333333;object-fit:contain;width:429px;height:auto\" srcset=\"https:\/\/gehrke.eng.br\/wp-content\/uploads\/2023\/11\/trabalhador-masculino-com-escavadeira-em-pedreira-de-areia-1024x682.jpg 1024w, https:\/\/gehrke.eng.br\/wp-content\/uploads\/2023\/11\/trabalhador-masculino-com-escavadeira-em-pedreira-de-areia-300x200.jpg 300w, https:\/\/gehrke.eng.br\/wp-content\/uploads\/2023\/11\/trabalhador-masculino-com-escavadeira-em-pedreira-de-areia-768x512.jpg 768w, https:\/\/gehrke.eng.br\/wp-content\/uploads\/2023\/11\/trabalhador-masculino-com-escavadeira-em-pedreira-de-areia-1536x1024.jpg 1536w, https:\/\/gehrke.eng.br\/wp-content\/uploads\/2023\/11\/trabalhador-masculino-com-escavadeira-em-pedreira-de-areia.jpg 2000w\" sizes=\"(max-width: 1024px) 100vw, 1024px\" \/><\/figure>\n\n\n\n<p><strong>1 LEVANTAMENTO TOPOGR\u00c1FICO \/ GEORREFERENCIAMENTO<br><\/strong>Levantamento topogr\u00e1fico planim\u00e9trico, levantamento topogr\u00e1fico planialtim\u00e9trico, nivelamento, elabora\u00e7\u00e3o de As Built, georreferenciamento de im\u00f3veis, batimetria e loca\u00e7\u00e3o de obras e terrenos.<\/p>\n\n\n\n<p><strong>2 INFRAESTRUTURA<br><\/strong>Projeto terraplenagem, drenagem e pavimenta\u00e7\u00e3o.<\/p>\n\n\n\n<p><strong>3 FUNDI\u00c1RIA<br><\/strong>Retifica\u00e7\u00e3o de \u00e1rea e medidas, unifica\u00e7\u00e3o de terrenos, desmembramentos, loteamentos, regulariza\u00e7\u00e3o fundi\u00e1ria e usucapi\u00e3o.<\/p>\n\n\n\n<p><strong>4 PROJETOS \/ EXECU\u00c7\u00c3O<br><\/strong>Arquitet\u00f4nico, estrutura em concreto armado, hidrossanit\u00e1rio, el\u00e9trica baixa tens\u00e3o e preventivo contra inc\u00eandio.<\/p>\n\n\n\n<p><strong>5 FISCALIZA\u00c7\u00c3O \/ GERENCIAMENTO<br><\/strong>Fiscaliza\u00e7\u00e3o e gerenciamento de obras civis.<\/p>\n","protected":false},"excerpt":{"rendered":"<p>1 LEVANTAMENTO TOPOGR\u00c1FICO \/ GEORREFERENCIAMENTOLevantamento topogr\u00e1fico planim\u00e9trico, levantamento topogr\u00e1fico planialtim\u00e9trico, nivelamento, elabora\u00e7\u00e3o de As Built, georreferenciamento de im\u00f3veis, batimetria e loca\u00e7\u00e3o de obras e terrenos. 2 INFRAESTRUTURAProjeto terraplenagem, drenagem e pavimenta\u00e7\u00e3o. 3 FUNDI\u00c1RIARetifica\u00e7\u00e3o de \u00e1rea e medidas, unifica\u00e7\u00e3o de terrenos, desmembramentos, loteamentos, regulariza\u00e7\u00e3o fundi\u00e1ria e usucapi\u00e3o. 4 PROJETOS \/ EXECU\u00c7\u00c3OArquitet\u00f4nico, estrutura em concreto armado, hidrossanit\u00e1rio, &hellip;<\/p>\n<p class=\"read-more\"> <a class=\"\" href=\"https:\/\/gehrke.eng.br\/\"> <span class=\"screen-reader-text\">Home<\/span> Leia mais &raquo;<\/a><\/p>\n","protected":false},"author":1,"featured_media":0,"parent":2,"menu_order":0,"comment_status":"closed","ping_status":"closed","template":"","meta":{"site-sidebar-layout":"no-sidebar","site-content-layout":"plain-container","ast-site-content-layout":"","site-content-style":"default","site-sidebar-style":"default","ast-global-header-display":"","ast-banner-title-visibility":"","ast-main-header-display":"","ast-hfb-above-header-display":"","ast-hfb-below-header-display":"","ast-hfb-mobile-header-display":"","site-post-title":"disabled","ast-breadcrumbs-content":"","ast-featured-img":"","footer-sml-layout":"","theme-transparent-header-meta":"enabled","adv-header-id-meta":"","stick-header-meta":"","header-above-stick-meta":"","header-main-stick-meta":"","header-below-stick-meta":"","astra-migrate-meta-layouts":"","ast-page-background-enabled":"default","ast-page-background-meta":{"desktop":{"background-color":"var(--ast-global-color-4)","background-image":"","background-repeat":"repeat","background-position":"center center","background-size":"auto","background-attachment":"scroll","background-type":"","background-media":"","overlay-type":"","overlay-color":"","overlay-gradient":""},"tablet":{"background-color":"","background-image":"","background-repeat":"repeat","background-position":"center center","background-size":"auto","background-attachment":"scroll","background-type":"","background-media":"","overlay-type":"","overlay-color":"","overlay-gradient":""},"mobile":{"background-color":"","background-image":"","background-repeat":"repeat","background-position":"center center","background-size":"auto","background-attachment":"scroll","background-type":"","background-media":"","overlay-type":"","overlay-color":"","overlay-gradient":""}},"ast-content-background-meta":{"desktop":{"background-color":"var(--ast-global-color-5)","background-image":"","background-repeat":"repeat","background-position":"center center","background-size":"auto","background-attachment":"scroll","background-type":"","background-media":"","overlay-type":"","overlay-color":"","overlay-gradient":""},"tablet":{"background-color":"var(--ast-global-color-5)","background-image":"","background-repeat":"repeat","background-position":"center center","background-size":"auto","background-attachment":"scroll","background-type":"","background-media":"","overlay-type":"","overlay-color":"","overlay-gradient":""},"mobile":{"background-color":"var(--ast-global-color-5)","background-image":"","background-repeat":"repeat","background-position":"center center","background-size":"auto","background-attachment":"scroll","background-type":"","background-media":"","overlay-type":"","overlay-color":"","overlay-gradient":""}},"footnotes":""},"_links":{"self":[{"href":"https:\/\/gehrke.eng.br\/index.php?rest_route=\/wp\/v2\/pages\/8"}],"collection":[{"href":"https:\/\/gehrke.eng.br\/index.php?rest_route=\/wp\/v2\/pages"}],"about":[{"href":"https:\/\/gehrke.eng.br\/index.php?rest_route=\/wp\/v2\/types\/page"}],"author":[{"embeddable":true,"href":"https:\/\/gehrke.eng.br\/index.php?rest_route=\/wp\/v2\/users\/1"}],"replies":[{"embeddable":true,"href":"https:\/\/gehrke.eng.br\/index.php?rest_route=%2Fwp%2Fv2%2Fcomments&post=8"}],"version-history":[{"count":13,"href":"https:\/\/gehrke.eng.br\/index.php?rest_route=\/wp\/v2\/pages\/8\/revisions"}],"predecessor-version":[{"id":77,"href":"https:\/\/gehrke.eng.br\/index.php?rest_route=\/wp\/v2\/pages\/8\/revisions\/77"}],"up":[{"embeddable":true,"href":"https:\/\/gehrke.eng.br\/index.php?rest_route=\/wp\/v2\/pages\/2"}],"wp:attachment":[{"href":"https:\/\/gehrke.eng.br\/index.php?rest_route=%2Fwp%2Fv2%2Fmedia&parent=8"}],"curies":[{"name":"wp","href":"https:\/\/api.w.org\/{rel}","templated":true}]}}